{"id":514,"date":"2021-12-02T16:19:16","date_gmt":"2021-12-02T16:19:16","guid":{"rendered":"http:\/\/vallracingteam.es\/?page_id=514"},"modified":"2026-02-18T11:21:10","modified_gmt":"2026-02-18T11:21:10","slug":"proyecto","status":"publish","type":"page","link":"https:\/\/vallracingteam.eii.uva.es\/en\/proyecto\/","title":{"rendered":"FORMULA STUDENT"},"content":{"rendered":"<div class=\"wp-block-cover alignfull has-parallax\" style=\"min-height:261px;aspect-ratio:unset;\"><div class=\"wp-block-cover__image-background wp-image-1526 has-parallax\" style=\"background-position:50% 50%;background-image:url(https:\/\/vallracingteam.eii.uva.es\/wp-content\/uploads\/2025\/03\/image-1-e1743201791699.png)\"><\/div><span aria-hidden=\"true\" class=\"wp-block-cover__background has-nv-dark-bg-background-color has-background-dim\"><\/span><div class=\"wp-block-cover__inner-container is-layout-flow wp-block-cover-is-layout-flow\">\n<h2 id=\"wp-block-themeisle-blocks-advanced-heading-fafb60d8\" class=\"wp-block-themeisle-blocks-advanced-heading wp-block-themeisle-blocks-advanced-heading-fafb60d8\"><strong>FORMULA STUDENT<\/strong><\/h2>\n<\/div><\/div>\n\n\n\n<div id=\"wp-block-themeisle-blocks-advanced-columns-bba2fec9\" class=\"wp-block-themeisle-blocks-advanced-columns alignwide has-1-columns has-desktop-equal-layout has-tablet-equal-layout has-mobile-equal-layout has-vertical-center\"><div class=\"wp-block-themeisle-blocks-advanced-columns-overlay\"><\/div><div class=\"innerblocks-wrap\">\n<div id=\"wp-block-themeisle-blocks-advanced-column-a068d659\" class=\"wp-block-themeisle-blocks-advanced-column\">\n<div style=\"height:0px\" aria-hidden=\"true\" class=\"wp-block-spacer\"><\/div>\n\n\n\n<h2 class=\"wp-block-heading has-text-align-center\">\u00bfQU\u00c9 ES?<\/h2>\n\n\n\n<div class=\"wp-block-media-text is-stacked-on-mobile\"><figure class=\"wp-block-media-text__media\"><img decoding=\"async\" src=\"data:image\/gif;base64,R0lGODlhAQABAIAAAAAAAP\/\/\/yH5BAEAAAAALAAAAAABAAEAAAIBRAA7\" data-src=\"https:\/\/vallracingteam.eii.uva.es\/wp-content\/uploads\/2026\/02\/DSC01699-1024x683.jpg\" alt=\"\" class=\"wp-image-1786 size-full lazyload\"\/><noscript><img decoding=\"async\" width=\"1024\" height=\"683\" src=\"https:\/\/vallracingteam.eii.uva.es\/wp-content\/uploads\/2026\/02\/DSC01699-1024x683.jpg\" alt=\"\" class=\"wp-image-1786 size-full lazyload\" srcset=\"https:\/\/vallracingteam.eii.uva.es\/wp-content\/uploads\/2026\/02\/DSC01699-1024x683.jpg 1024w, https:\/\/vallracingteam.eii.uva.es\/wp-content\/uploads\/2026\/02\/DSC01699-300x200.jpg 300w, https:\/\/vallracingteam.eii.uva.es\/wp-content\/uploads\/2026\/02\/DSC01699-768x512.jpg 768w, https:\/\/vallracingteam.eii.uva.es\/wp-content\/uploads\/2026\/02\/DSC01699-391x260.jpg 391w, https:\/\/vallracingteam.eii.uva.es\/wp-content\/uploads\/2026\/02\/DSC01699-1536x1024.jpg 1536w, https:\/\/vallracingteam.eii.uva.es\/wp-content\/uploads\/2026\/02\/DSC01699-2048x1365.jpg 2048w, https:\/\/vallracingteam.eii.uva.es\/wp-content\/uploads\/2026\/02\/DSC01699-18x12.jpg 18w, https:\/\/vallracingteam.eii.uva.es\/wp-content\/uploads\/2026\/02\/DSC01699-930x620.jpg 930w, https:\/\/vallracingteam.eii.uva.es\/wp-content\/uploads\/2026\/02\/DSC01699-600x400.jpg 600w\" sizes=\"(max-width: 1024px) 100vw, 1024px\" \/><\/noscript><\/figure><div class=\"wp-block-media-text__content\">\n<p>Formula Student es una competici\u00f3n que se realiza entre estudiantes universitarios de todo el mundo. Los equipos deber\u00e1n dise\u00f1ar y construir un veh\u00edculo monoplaza, promoviendo as\u00ed la excelencia e ingenier\u00eda, adem\u00e1s de realizar un estudio de viabilidad del proyecto y un plan de negocio.<\/p>\n\n\n\n<p>Esta competici\u00f3n se realiza en diferentes pa\u00edses, como son Reino Unido, Estados Unidos, Canad\u00e1, Alemania, Brasil, Jap\u00f3n, Hungr\u00eda o Espa\u00f1a.<\/p>\n<\/div><\/div>\n<\/div>\n<\/div><\/div>\n\n\n\n<div id=\"wp-block-themeisle-blocks-advanced-columns-55cb3cff\" class=\"wp-block-themeisle-blocks-advanced-columns has-1-columns has-desktop-equal-layout has-tablet-equal-layout has-mobile-equal-layout has-vertical-unset\"><div class=\"wp-block-themeisle-blocks-advanced-columns-overlay\"><\/div><div class=\"innerblocks-wrap\">\n<div id=\"wp-block-themeisle-blocks-advanced-column-13667877\" class=\"wp-block-themeisle-blocks-advanced-column\">\n<h2 class=\"wp-block-heading has-text-align-center\">\u00bfQU\u00c9 PRUEBAS HAY?<\/h2>\n\n\n\n<h2 id=\"wp-block-themeisle-blocks-advanced-heading-0d08b86f\" class=\"wp-block-themeisle-blocks-advanced-heading wp-block-themeisle-blocks-advanced-heading-0d08b86f\">PHASE 0: INSPECTION<\/h2>\n\n\n\n<div class=\"wp-block-columns is-layout-flex wp-container-core-columns-is-layout-9d6595d7 wp-block-columns-is-layout-flex\">\n<div class=\"wp-block-column is-layout-flow wp-block-column-is-layout-flow\">\n<div class=\"wp-block-media-text is-stacked-on-mobile\"><figure class=\"wp-block-media-text__media\"><img decoding=\"async\" src=\"data:image\/gif;base64,R0lGODlhAQABAIAAAAAAAP\/\/\/yH5BAEAAAAALAAAAAABAAEAAAIBRAA7\" data-src=\"https:\/\/vallracingteam.eii.uva.es\/wp-content\/uploads\/2026\/02\/1-819x1024.png\" alt=\"\" class=\"wp-image-1779 size-full lazyload\"\/><noscript><img decoding=\"async\" width=\"819\" height=\"1024\" src=\"https:\/\/vallracingteam.eii.uva.es\/wp-content\/uploads\/2026\/02\/1-819x1024.png\" alt=\"\" class=\"wp-image-1779 size-full lazyload\" srcset=\"https:\/\/vallracingteam.eii.uva.es\/wp-content\/uploads\/2026\/02\/1-819x1024.png 819w, https:\/\/vallracingteam.eii.uva.es\/wp-content\/uploads\/2026\/02\/1-240x300.png 240w, https:\/\/vallracingteam.eii.uva.es\/wp-content\/uploads\/2026\/02\/1-768x960.png 768w, https:\/\/vallracingteam.eii.uva.es\/wp-content\/uploads\/2026\/02\/1-10x12.png 10w, https:\/\/vallracingteam.eii.uva.es\/wp-content\/uploads\/2026\/02\/1-600x750.png 600w, https:\/\/vallracingteam.eii.uva.es\/wp-content\/uploads\/2026\/02\/1.png 1080w\" sizes=\"(max-width: 819px) 100vw, 819px\" \/><\/noscript><\/figure><div class=\"wp-block-media-text__content\">\n<h3 class=\"wp-block-heading\">REQUISITOS<\/h3>\n\n\n\n<p>Se revisa el veh\u00edculo para comprobar que cumple con los requisitos marcados por la normativa de la Formula Student.<\/p>\n<\/div><\/div>\n\n\n\n<div class=\"wp-block-media-text is-stacked-on-mobile\"><figure class=\"wp-block-media-text__media\"><img decoding=\"async\" src=\"data:image\/gif;base64,R0lGODlhAQABAIAAAAAAAP\/\/\/yH5BAEAAAAALAAAAAABAAEAAAIBRAA7\" data-src=\"https:\/\/vallracingteam.eii.uva.es\/wp-content\/uploads\/2026\/02\/2-819x1024.png\" alt=\"\" class=\"wp-image-1780 size-full lazyload\"\/><noscript><img decoding=\"async\" width=\"819\" height=\"1024\" src=\"https:\/\/vallracingteam.eii.uva.es\/wp-content\/uploads\/2026\/02\/2-819x1024.png\" alt=\"\" class=\"wp-image-1780 size-full lazyload\" srcset=\"https:\/\/vallracingteam.eii.uva.es\/wp-content\/uploads\/2026\/02\/2-819x1024.png 819w, https:\/\/vallracingteam.eii.uva.es\/wp-content\/uploads\/2026\/02\/2-240x300.png 240w, https:\/\/vallracingteam.eii.uva.es\/wp-content\/uploads\/2026\/02\/2-768x960.png 768w, https:\/\/vallracingteam.eii.uva.es\/wp-content\/uploads\/2026\/02\/2-10x12.png 10w, https:\/\/vallracingteam.eii.uva.es\/wp-content\/uploads\/2026\/02\/2-600x750.png 600w, https:\/\/vallracingteam.eii.uva.es\/wp-content\/uploads\/2026\/02\/2.png 1080w\" sizes=\"(max-width: 819px) 100vw, 819px\" \/><\/noscript><\/figure><div class=\"wp-block-media-text__content\">\n<h3 class=\"wp-block-heading\">Inclinaci\u00f3n<\/h3>\n\n\n\n<p>El veh\u00edculo debe cumplir los diferentes requisitos de fluidos y estabilidad: <br>FLUIDOS: 45\u00ba<br>ESTABILIDAD: 60\u00ba<\/p>\n<\/div><\/div>\n<\/div>\n\n\n\n<div class=\"wp-block-column is-layout-flow wp-block-column-is-layout-flow\">\n<div class=\"wp-block-media-text is-stacked-on-mobile\"><figure class=\"wp-block-media-text__media\"><img decoding=\"async\" src=\"data:image\/gif;base64,R0lGODlhAQABAIAAAAAAAP\/\/\/yH5BAEAAAAALAAAAAABAAEAAAIBRAA7\" data-src=\"https:\/\/vallracingteam.eii.uva.es\/wp-content\/uploads\/2026\/02\/Captura-de-pantalla-2026-02-17-215120.png\" alt=\"\" class=\"wp-image-1784 size-full lazyload\"\/><noscript><img decoding=\"async\" width=\"510\" height=\"640\" src=\"https:\/\/vallracingteam.eii.uva.es\/wp-content\/uploads\/2026\/02\/Captura-de-pantalla-2026-02-17-215120.png\" alt=\"\" class=\"wp-image-1784 size-full lazyload\" srcset=\"https:\/\/vallracingteam.eii.uva.es\/wp-content\/uploads\/2026\/02\/Captura-de-pantalla-2026-02-17-215120.png 510w, https:\/\/vallracingteam.eii.uva.es\/wp-content\/uploads\/2026\/02\/Captura-de-pantalla-2026-02-17-215120-239x300.png 239w, https:\/\/vallracingteam.eii.uva.es\/wp-content\/uploads\/2026\/02\/Captura-de-pantalla-2026-02-17-215120-10x12.png 10w\" sizes=\"(max-width: 510px) 100vw, 510px\" \/><\/noscript><\/figure><div class=\"wp-block-media-text__content\">\n<h3 class=\"wp-block-heading\">Seguridad el\u00e9ctrica<\/h3>\n\n\n\n<p>Se comprueba la seguridad el\u00e9ctrica del monoplaza.<\/p>\n<\/div><\/div>\n\n\n\n<div class=\"wp-block-media-text is-stacked-on-mobile\"><figure class=\"wp-block-media-text__media\"><img decoding=\"async\" src=\"data:image\/gif;base64,R0lGODlhAQABAIAAAAAAAP\/\/\/yH5BAEAAAAALAAAAAABAAEAAAIBRAA7\" data-src=\"https:\/\/vallracingteam.eii.uva.es\/wp-content\/uploads\/2026\/02\/3-819x1024.png\" alt=\"\" class=\"wp-image-1781 size-full lazyload\"\/><noscript><img decoding=\"async\" width=\"819\" height=\"1024\" src=\"https:\/\/vallracingteam.eii.uva.es\/wp-content\/uploads\/2026\/02\/3-819x1024.png\" alt=\"\" class=\"wp-image-1781 size-full lazyload\" srcset=\"https:\/\/vallracingteam.eii.uva.es\/wp-content\/uploads\/2026\/02\/3-819x1024.png 819w, https:\/\/vallracingteam.eii.uva.es\/wp-content\/uploads\/2026\/02\/3-240x300.png 240w, https:\/\/vallracingteam.eii.uva.es\/wp-content\/uploads\/2026\/02\/3-768x960.png 768w, https:\/\/vallracingteam.eii.uva.es\/wp-content\/uploads\/2026\/02\/3-10x12.png 10w, https:\/\/vallracingteam.eii.uva.es\/wp-content\/uploads\/2026\/02\/3-600x750.png 600w, https:\/\/vallracingteam.eii.uva.es\/wp-content\/uploads\/2026\/02\/3.png 1080w\" sizes=\"(max-width: 819px) 100vw, 819px\" \/><\/noscript><\/figure><div class=\"wp-block-media-text__content\">\n<h3 class=\"wp-block-heading\">FRENOS<\/h3>\n\n\n\n<p>Se comprueba el buen funcionamiento del sistema de frenado del veh\u00edculo.<\/p>\n<\/div><\/div>\n<\/div>\n<\/div>\n\n\n\n<div class=\"wp-block-columns is-layout-flex wp-container-core-columns-is-layout-9d6595d7 wp-block-columns-is-layout-flex\">\n<div class=\"wp-block-column is-layout-flow wp-block-column-is-layout-flow\" style=\"flex-basis:25%\"><\/div>\n\n\n\n<div class=\"wp-block-column is-layout-flow wp-block-column-is-layout-flow\" style=\"flex-basis:50%\">\n<div class=\"wp-block-media-text is-stacked-on-mobile\"><figure class=\"wp-block-media-text__media\"><img decoding=\"async\" src=\"data:image\/gif;base64,R0lGODlhAQABAIAAAAAAAP\/\/\/yH5BAEAAAAALAAAAAABAAEAAAIBRAA7\" data-src=\"https:\/\/vallracingteam.eii.uva.es\/wp-content\/uploads\/2026\/02\/4-1-819x1024.png\" alt=\"\" class=\"wp-image-1783 size-full lazyload\"\/><noscript><img decoding=\"async\" src=\"https:\/\/vallracingteam.eii.uva.es\/wp-content\/uploads\/2026\/02\/4-1-819x1024.png\" alt=\"\" class=\"wp-image-1783 size-full lazyload\"\/><\/noscript><\/figure><div class=\"wp-block-media-text__content\">\n<h3 class=\"wp-block-heading\">EN MOJADO<\/h3>\n\n\n\n<p>El monoplaza debe funcionar correctamente en un escenario mojado, por lo que se comprueba su funcionamiento bajo la lluvia artificial.<\/p>\n<\/div><\/div>\n<\/div>\n\n\n\n<div class=\"wp-block-column is-layout-flow wp-block-column-is-layout-flow\" style=\"flex-basis:25%\"><\/div>\n<\/div>\n<\/div>\n<\/div><\/div>\n\n\n\n<div id=\"wp-block-themeisle-blocks-advanced-columns-2ca4e795\" class=\"wp-block-themeisle-blocks-advanced-columns has-1-columns has-desktop-equal-layout has-tablet-equal-layout has-mobile-equal-layout has-vertical-unset\"><div class=\"wp-block-themeisle-blocks-advanced-columns-overlay\"><\/div><div class=\"innerblocks-wrap\">\n<div id=\"wp-block-themeisle-blocks-advanced-column-d1a7f4a5\" class=\"wp-block-themeisle-blocks-advanced-column\">\n<h2 id=\"wp-block-themeisle-blocks-advanced-heading-03f619cb\" class=\"wp-block-themeisle-blocks-advanced-heading wp-block-themeisle-blocks-advanced-heading-03f619cb\">PHASE 1: STATIC TESTS<\/h2>\n\n\n\n<div class=\"wp-block-columns is-layout-flex wp-container-core-columns-is-layout-9d6595d7 wp-block-columns-is-layout-flex\">\n<div class=\"wp-block-column is-layout-flow wp-block-column-is-layout-flow\">\n<div class=\"wp-block-media-text is-stacked-on-mobile\"><figure class=\"wp-block-media-text__media\"><img decoding=\"async\" src=\"data:image\/gif;base64,R0lGODlhAQABAIAAAAAAAP\/\/\/yH5BAEAAAAALAAAAAABAAEAAAIBRAA7\" data-src=\"https:\/\/vallracingteam.eii.uva.es\/wp-content\/uploads\/2026\/02\/6-819x1024.png\" alt=\"\" class=\"wp-image-1792 size-full lazyload\"\/><noscript><img decoding=\"async\" width=\"819\" height=\"1024\" src=\"https:\/\/vallracingteam.eii.uva.es\/wp-content\/uploads\/2026\/02\/6-819x1024.png\" alt=\"\" class=\"wp-image-1792 size-full lazyload\" srcset=\"https:\/\/vallracingteam.eii.uva.es\/wp-content\/uploads\/2026\/02\/6-819x1024.png 819w, https:\/\/vallracingteam.eii.uva.es\/wp-content\/uploads\/2026\/02\/6-240x300.png 240w, https:\/\/vallracingteam.eii.uva.es\/wp-content\/uploads\/2026\/02\/6-768x960.png 768w, https:\/\/vallracingteam.eii.uva.es\/wp-content\/uploads\/2026\/02\/6-10x12.png 10w, https:\/\/vallracingteam.eii.uva.es\/wp-content\/uploads\/2026\/02\/6-600x750.png 600w, https:\/\/vallracingteam.eii.uva.es\/wp-content\/uploads\/2026\/02\/6.png 1080w\" sizes=\"(max-width: 819px) 100vw, 819px\" \/><\/noscript><\/figure><div class=\"wp-block-media-text__content\">\n<h3 class=\"wp-block-heading\">plan de negocio<\/h3>\n\n\n\n<p>Los equipos deber\u00e1s presentar a los jueces de la competici\u00f3n el plan de negocio. El objetivo es convencer a los jueces de la rentabilidad del proyecto.<\/p>\n<\/div><\/div>\n<\/div>\n\n\n\n<div class=\"wp-block-column is-layout-flow wp-block-column-is-layout-flow\">\n<div class=\"wp-block-media-text is-stacked-on-mobile\"><figure class=\"wp-block-media-text__media\"><img decoding=\"async\" src=\"data:image\/gif;base64,R0lGODlhAQABAIAAAAAAAP\/\/\/yH5BAEAAAAALAAAAAABAAEAAAIBRAA7\" data-src=\"https:\/\/vallracingteam.eii.uva.es\/wp-content\/uploads\/2026\/02\/7-819x1024.png\" alt=\"\" class=\"wp-image-1793 size-full lazyload\"\/><noscript><img decoding=\"async\" width=\"819\" height=\"1024\" src=\"https:\/\/vallracingteam.eii.uva.es\/wp-content\/uploads\/2026\/02\/7-819x1024.png\" alt=\"\" class=\"wp-image-1793 size-full lazyload\" srcset=\"https:\/\/vallracingteam.eii.uva.es\/wp-content\/uploads\/2026\/02\/7-819x1024.png 819w, https:\/\/vallracingteam.eii.uva.es\/wp-content\/uploads\/2026\/02\/7-240x300.png 240w, https:\/\/vallracingteam.eii.uva.es\/wp-content\/uploads\/2026\/02\/7-768x960.png 768w, https:\/\/vallracingteam.eii.uva.es\/wp-content\/uploads\/2026\/02\/7-10x12.png 10w, https:\/\/vallracingteam.eii.uva.es\/wp-content\/uploads\/2026\/02\/7-600x750.png 600w, https:\/\/vallracingteam.eii.uva.es\/wp-content\/uploads\/2026\/02\/7.png 1080w\" sizes=\"(max-width: 819px) 100vw, 819px\" \/><\/noscript><\/figure><div class=\"wp-block-media-text__content\">\n<h3 class=\"wp-block-heading\">an\u00e1lisis de costes<\/h3>\n\n\n\n<p>Los jueces analizar\u00e1n la estructura de costes de los materiales con los que se ha construido el veh\u00edculo y la propia construcci\u00f3n.<\/p>\n<\/div><\/div>\n<\/div>\n<\/div>\n\n\n\n<div class=\"wp-block-columns is-layout-flex wp-container-core-columns-is-layout-9d6595d7 wp-block-columns-is-layout-flex\">\n<div class=\"wp-block-column is-layout-flow wp-block-column-is-layout-flow\" style=\"flex-basis:25%\"><\/div>\n\n\n\n<div class=\"wp-block-column is-layout-flow wp-block-column-is-layout-flow\" style=\"flex-basis:50%\">\n<div class=\"wp-block-media-text is-stacked-on-mobile\"><figure class=\"wp-block-media-text__media\"><img decoding=\"async\" src=\"data:image\/gif;base64,R0lGODlhAQABAIAAAAAAAP\/\/\/yH5BAEAAAAALAAAAAABAAEAAAIBRAA7\" data-src=\"https:\/\/vallracingteam.eii.uva.es\/wp-content\/uploads\/2026\/02\/Captura-de-pantalla-2026-02-18-104504-1.png\" alt=\"\" class=\"wp-image-1794 size-full lazyload\"\/><noscript><img decoding=\"async\" src=\"https:\/\/vallracingteam.eii.uva.es\/wp-content\/uploads\/2026\/02\/Captura-de-pantalla-2026-02-18-104504-1.png\" alt=\"\" class=\"wp-image-1794 size-full lazyload\"\/><\/noscript><\/figure><div class=\"wp-block-media-text__content\">\n<h3 class=\"wp-block-heading\">dise\u00f1o de ingenier\u00eda<\/h3>\n\n\n\n<p>Se presentar\u00e1 una memoria en la que est\u00e9n especificadas las diferentes soluciones t\u00e9cnicas dadas y las ventajas del veh\u00edculos.<\/p>\n<\/div><\/div>\n<\/div>\n\n\n\n<div class=\"wp-block-column is-layout-flow wp-block-column-is-layout-flow\" style=\"flex-basis:25%\"><\/div>\n<\/div>\n<\/div>\n<\/div><\/div>\n\n\n\n<div id=\"wp-block-themeisle-blocks-advanced-columns-bc405cc4\" class=\"wp-block-themeisle-blocks-advanced-columns has-1-columns has-desktop-equal-layout has-tablet-equal-layout has-mobile-equal-layout has-vertical-unset\"><div class=\"wp-block-themeisle-blocks-advanced-columns-overlay\"><\/div><div class=\"innerblocks-wrap\">\n<div id=\"wp-block-themeisle-blocks-advanced-column-3fc6e0b3\" class=\"wp-block-themeisle-blocks-advanced-column\">\n<div style=\"height:43px\" aria-hidden=\"true\" class=\"wp-block-spacer\"><\/div>\n\n\n\n<h2 id=\"wp-block-themeisle-blocks-advanced-heading-45877d52\" class=\"wp-block-themeisle-blocks-advanced-heading wp-block-themeisle-blocks-advanced-heading-45877d52\">PHASE 2: DYNAMIC TESTS<\/h2>\n\n\n<div class=\"wp-block-image\">\n<figure class=\"aligncenter size-large\"><img decoding=\"async\" src=\"data:image\/gif;base64,R0lGODlhAQABAIAAAAAAAP\/\/\/yH5BAEAAAAALAAAAAABAAEAAAIBRAA7\" data-src=\"https:\/\/vallracingteam.eii.uva.es\/wp-content\/uploads\/2024\/05\/DINAMICAS-1024x303.png\" alt=\"\" class=\"wp-image-1481 lazyload\"\/><noscript><img decoding=\"async\" width=\"1024\" height=\"303\" src=\"https:\/\/vallracingteam.eii.uva.es\/wp-content\/uploads\/2024\/05\/DINAMICAS-1024x303.png\" alt=\"\" class=\"wp-image-1481 lazyload\" srcset=\"https:\/\/vallracingteam.eii.uva.es\/wp-content\/uploads\/2024\/05\/DINAMICAS-1024x303.png 1024w, https:\/\/vallracingteam.eii.uva.es\/wp-content\/uploads\/2024\/05\/DINAMICAS-300x89.png 300w, https:\/\/vallracingteam.eii.uva.es\/wp-content\/uploads\/2024\/05\/DINAMICAS-768x227.png 768w, https:\/\/vallracingteam.eii.uva.es\/wp-content\/uploads\/2024\/05\/DINAMICAS-1536x454.png 1536w, https:\/\/vallracingteam.eii.uva.es\/wp-content\/uploads\/2024\/05\/DINAMICAS-2048x605.png 2048w, https:\/\/vallracingteam.eii.uva.es\/wp-content\/uploads\/2024\/05\/DINAMICAS-18x5.png 18w, https:\/\/vallracingteam.eii.uva.es\/wp-content\/uploads\/2024\/05\/DINAMICAS-600x177.png 600w\" sizes=\"(max-width: 1024px) 100vw, 1024px\" \/><\/noscript><\/figure>\n<\/div><\/div>\n<\/div><\/div>\n\n\n\n<div style=\"height:52px\" aria-hidden=\"true\" class=\"wp-block-spacer\"><\/div>","protected":false},"excerpt":{"rendered":"","protected":false},"author":1,"featured_media":0,"parent":0,"menu_order":0,"comment_status":"closed","ping_status":"closed","template":"","meta":{"content-type":"","_monsterinsights_skip_tracking":false,"_monsterinsights_sitenote_active":false,"_monsterinsights_sitenote_note":"","_monsterinsights_sitenote_category":0,"neve_meta_sidebar":"full-width","neve_meta_container":"","neve_meta_enable_content_width":"on","neve_meta_content_width":100,"neve_meta_title_alignment":"center","neve_meta_author_avatar":"","neve_post_elements_order":"","neve_meta_disable_header":"","neve_meta_disable_footer":"","neve_meta_disable_title":"","_themeisle_gutenberg_block_has_review":false,"footnotes":""},"class_list":["post-514","page","type-page","status-publish","hentry"],"aioseo_notices":[],"_links":{"self":[{"href":"https:\/\/vallracingteam.eii.uva.es\/en\/wp-json\/wp\/v2\/pages\/514","targetHints":{"allow":["GET"]}}],"collection":[{"href":"https:\/\/vallracingteam.eii.uva.es\/en\/wp-json\/wp\/v2\/pages"}],"about":[{"href":"https:\/\/vallracingteam.eii.uva.es\/en\/wp-json\/wp\/v2\/types\/page"}],"author":[{"embeddable":true,"href":"https:\/\/vallracingteam.eii.uva.es\/en\/wp-json\/wp\/v2\/users\/1"}],"replies":[{"embeddable":true,"href":"https:\/\/vallracingteam.eii.uva.es\/en\/wp-json\/wp\/v2\/comments?post=514"}],"version-history":[{"count":47,"href":"https:\/\/vallracingteam.eii.uva.es\/en\/wp-json\/wp\/v2\/pages\/514\/revisions"}],"predecessor-version":[{"id":1795,"href":"https:\/\/vallracingteam.eii.uva.es\/en\/wp-json\/wp\/v2\/pages\/514\/revisions\/1795"}],"wp:attachment":[{"href":"https:\/\/vallracingteam.eii.uva.es\/en\/wp-json\/wp\/v2\/media?parent=514"}],"curies":[{"name":"wp","href":"https:\/\/api.w.org\/{rel}","templated":true}]}}