{"id":1662,"date":"2026-02-11T11:16:14","date_gmt":"2026-02-11T11:16:14","guid":{"rendered":"https:\/\/vallracingteam.eii.uva.es\/?page_id=1662"},"modified":"2026-02-12T09:43:26","modified_gmt":"2026-02-12T09:43:26","slug":"inicio","status":"publish","type":"page","link":"https:\/\/vallracingteam.eii.uva.es\/en\/","title":{"rendered":"HOME"},"content":{"rendered":"<div class=\"wp-block-cover\" style=\"min-height:301px;aspect-ratio:unset;\"><img decoding=\"async\" class=\"wp-block-cover__image-background wp-image-1665 size-large lazyload\" alt=\"\" src=\"data:image\/gif;base64,R0lGODlhAQABAIAAAAAAAP\/\/\/yH5BAEAAAAALAAAAAABAAEAAAIBRAA7\" data-src=\"https:\/\/vallracingteam.eii.uva.es\/wp-content\/uploads\/2026\/02\/shared-image-2-1024x347.jpg\" data-object-fit=\"cover\"\/><noscript><img decoding=\"async\" width=\"1024\" height=\"347\" class=\"wp-block-cover__image-background wp-image-1665 size-large lazyload\" alt=\"\" src=\"https:\/\/vallracingteam.eii.uva.es\/wp-content\/uploads\/2026\/02\/shared-image-2-1024x347.jpg\" data-object-fit=\"cover\" srcset=\"https:\/\/vallracingteam.eii.uva.es\/wp-content\/uploads\/2026\/02\/shared-image-2-1024x347.jpg 1024w, https:\/\/vallracingteam.eii.uva.es\/wp-content\/uploads\/2026\/02\/shared-image-2-300x102.jpg 300w, https:\/\/vallracingteam.eii.uva.es\/wp-content\/uploads\/2026\/02\/shared-image-2-768x260.jpg 768w, https:\/\/vallracingteam.eii.uva.es\/wp-content\/uploads\/2026\/02\/shared-image-2-1536x520.jpg 1536w, https:\/\/vallracingteam.eii.uva.es\/wp-content\/uploads\/2026\/02\/shared-image-2-2048x694.jpg 2048w, https:\/\/vallracingteam.eii.uva.es\/wp-content\/uploads\/2026\/02\/shared-image-2-18x6.jpg 18w, https:\/\/vallracingteam.eii.uva.es\/wp-content\/uploads\/2026\/02\/shared-image-2-600x203.jpg 600w\" sizes=\"(max-width: 1024px) 100vw, 1024px\" \/><\/noscript><span aria-hidden=\"true\" class=\"wp-block-cover__background has-background-dim\" style=\"background-color:#605750\"><\/span><div class=\"wp-block-cover__inner-container is-layout-constrained wp-block-cover-is-layout-constrained\">\n<h1 class=\"wp-block-heading has-text-align-center has-nv-site-bg-color has-text-color has-link-color wp-elements-2945bb1d035e82f55e3e83e56da133d1\" style=\"font-size:60px\">WE COMPETE ON TRACK, BUT WE BUILD MUCH MORE THAN A CAR<\/h1>\n<\/div><\/div>\n\n\n\n<div style=\"height:34px\" aria-hidden=\"true\" class=\"wp-block-spacer\"><\/div>\n\n\n\n<div class=\"wp-block-group is-content-justification-center is-nowrap is-layout-flex wp-container-core-group-is-layout-94bc23d7 wp-block-group-is-layout-flex\">\n<figure class=\"wp-block-image size-large wp-container-content-9cfa9a5a\"><img decoding=\"async\" src=\"data:image\/gif;base64,R0lGODlhAQABAIAAAAAAAP\/\/\/yH5BAEAAAAALAAAAAABAAEAAAIBRAA7\" data-src=\"https:\/\/vallracingteam.eii.uva.es\/wp-content\/uploads\/2026\/02\/Captura-de-pantalla-2026-02-11-113120-1024x717.png\" alt=\"\" class=\"wp-image-1669 lazyload\"\/><noscript><img decoding=\"async\" width=\"1024\" height=\"717\" src=\"https:\/\/vallracingteam.eii.uva.es\/wp-content\/uploads\/2026\/02\/Captura-de-pantalla-2026-02-11-113120-1024x717.png\" alt=\"\" class=\"wp-image-1669 lazyload\" srcset=\"https:\/\/vallracingteam.eii.uva.es\/wp-content\/uploads\/2026\/02\/Captura-de-pantalla-2026-02-11-113120-1024x717.png 1024w, https:\/\/vallracingteam.eii.uva.es\/wp-content\/uploads\/2026\/02\/Captura-de-pantalla-2026-02-11-113120-300x210.png 300w, https:\/\/vallracingteam.eii.uva.es\/wp-content\/uploads\/2026\/02\/Captura-de-pantalla-2026-02-11-113120-768x537.png 768w, https:\/\/vallracingteam.eii.uva.es\/wp-content\/uploads\/2026\/02\/Captura-de-pantalla-2026-02-11-113120-18x12.png 18w, https:\/\/vallracingteam.eii.uva.es\/wp-content\/uploads\/2026\/02\/Captura-de-pantalla-2026-02-11-113120-600x420.png 600w, https:\/\/vallracingteam.eii.uva.es\/wp-content\/uploads\/2026\/02\/Captura-de-pantalla-2026-02-11-113120.png 1039w\" sizes=\"(max-width: 1024px) 100vw, 1024px\" \/><\/noscript><figcaption class=\"wp-element-caption\">FSS 2026<\/figcaption><\/figure>\n\n\n\n<div class=\"wp-block-group is-horizontal is-content-justification-center is-layout-flex wp-container-core-group-is-layout-a7242789 wp-block-group-is-layout-flex\">\n<h2 class=\"wp-block-heading\">Who are we?<\/h2>\n\n\n\n<p class=\"ticss-77c19b9b has-small-font-size wp-container-content-c9763a5f\">We are a university team that designs, builds, and competes with a single-seater fully developed by its own members, within a highly demanding professional environment.<br>Our team spirit is built on resilience in the face of every challenge and a strong commitment to achieving our goals. Teamwork is one of our core values, through which we strive to overcome each objective we set.<br>We bring together ambitious young talent and immerse it in a competitive professional environment, where every decision matters and every detail makes a difference.<br>Through this project, we aim to train students from the University of Valladolid by strengthening and expanding the knowledge acquired during their degree, developing skills in areas such as the design, construction, and development of a formula-style race car, as well as transversal skills like problem-solving, teamwork, and leadership.<\/p>\n<\/div>\n<\/div>\n\n\n\n<div style=\"height:27px\" aria-hidden=\"true\" class=\"wp-block-spacer\"><\/div>\n\n\n\n<div class=\"wp-block-cover\" style=\"min-height:207px;aspect-ratio:unset;\"><img decoding=\"async\" class=\"wp-block-cover__image-background wp-image-1714 size-large lazyload\" alt=\"\" src=\"data:image\/gif;base64,R0lGODlhAQABAIAAAAAAAP\/\/\/yH5BAEAAAAALAAAAAABAAEAAAIBRAA7\" data-src=\"https:\/\/vallracingteam.eii.uva.es\/wp-content\/uploads\/2026\/02\/WhatsApp-Image-2026-02-11-at-7.03.16-PM-1024x462.jpeg\" data-object-fit=\"cover\"\/><noscript><img decoding=\"async\" width=\"1024\" height=\"462\" class=\"wp-block-cover__image-background wp-image-1714 size-large lazyload\" alt=\"\" src=\"https:\/\/vallracingteam.eii.uva.es\/wp-content\/uploads\/2026\/02\/WhatsApp-Image-2026-02-11-at-7.03.16-PM-1024x462.jpeg\" data-object-fit=\"cover\" srcset=\"https:\/\/vallracingteam.eii.uva.es\/wp-content\/uploads\/2026\/02\/WhatsApp-Image-2026-02-11-at-7.03.16-PM-1024x462.jpeg 1024w, https:\/\/vallracingteam.eii.uva.es\/wp-content\/uploads\/2026\/02\/WhatsApp-Image-2026-02-11-at-7.03.16-PM-300x135.jpeg 300w, https:\/\/vallracingteam.eii.uva.es\/wp-content\/uploads\/2026\/02\/WhatsApp-Image-2026-02-11-at-7.03.16-PM-768x347.jpeg 768w, https:\/\/vallracingteam.eii.uva.es\/wp-content\/uploads\/2026\/02\/WhatsApp-Image-2026-02-11-at-7.03.16-PM-1536x693.jpeg 1536w, https:\/\/vallracingteam.eii.uva.es\/wp-content\/uploads\/2026\/02\/WhatsApp-Image-2026-02-11-at-7.03.16-PM-18x8.jpeg 18w, https:\/\/vallracingteam.eii.uva.es\/wp-content\/uploads\/2026\/02\/WhatsApp-Image-2026-02-11-at-7.03.16-PM-600x271.jpeg 600w, https:\/\/vallracingteam.eii.uva.es\/wp-content\/uploads\/2026\/02\/WhatsApp-Image-2026-02-11-at-7.03.16-PM.jpeg 2048w\" sizes=\"(max-width: 1024px) 100vw, 1024px\" \/><\/noscript><span aria-hidden=\"true\" class=\"wp-block-cover__background has-neve-text-color-background-color has-background-dim\"><\/span><div class=\"wp-block-cover__inner-container is-layout-constrained wp-block-cover-is-layout-constrained\">\n<h2 class=\"wp-block-heading has-text-align-center\">WHERE TWO FIT, THREE FIT TOO<\/h2>\n<\/div><\/div>\n\n\n\n<div style=\"height:40px\" aria-hidden=\"true\" class=\"wp-block-spacer\"><\/div>\n\n\n\n<div class=\"wp-block-group is-nowrap is-layout-flex wp-container-core-group-is-layout-ad2f72ca wp-block-group-is-layout-flex\">\n<div class=\"wp-block-group is-vertical is-layout-flex wp-container-core-group-is-layout-8cf370e7 wp-block-group-is-layout-flex\">\n<h2 class=\"wp-block-heading has-text-align-center\">Grassroots mechanics, racing mindset<\/h2>\n\n\n\n<p>Our journey as a team has taken us across much of the province. Although our main workshop is located at the Paseo del Cauce facilities of the School of Industrial Engineering at UVa, during the 2024\/25 season we carried out the final development phase of our single-seater in Villagarc\u00eda de Campos. There, we were welcomed with warmth and hospitality that made us feel like part of the community. In the 2025\/26 season, we continue this approach by moving the final stage of work and testing to Tordesillas, further strengthening our presence in different municipalities as we progress in the construction of each vehicle.<\/p>\n<\/div>\n\n\n\n<figure class=\"wp-block-image size-large\"><img decoding=\"async\" src=\"data:image\/gif;base64,R0lGODlhAQABAIAAAAAAAP\/\/\/yH5BAEAAAAALAAAAAABAAEAAAIBRAA7\" data-src=\"https:\/\/vallracingteam.eii.uva.es\/wp-content\/uploads\/2026\/02\/mapa-provincia-valladolid-mudo-1024x1024.png\" alt=\"\" class=\"wp-image-1673 lazyload\"\/><noscript><img decoding=\"async\" width=\"1024\" height=\"1024\" src=\"https:\/\/vallracingteam.eii.uva.es\/wp-content\/uploads\/2026\/02\/mapa-provincia-valladolid-mudo-1024x1024.png\" alt=\"\" class=\"wp-image-1673 lazyload\" srcset=\"https:\/\/vallracingteam.eii.uva.es\/wp-content\/uploads\/2026\/02\/mapa-provincia-valladolid-mudo-1024x1024.png 1024w, https:\/\/vallracingteam.eii.uva.es\/wp-content\/uploads\/2026\/02\/mapa-provincia-valladolid-mudo-300x300.png 300w, https:\/\/vallracingteam.eii.uva.es\/wp-content\/uploads\/2026\/02\/mapa-provincia-valladolid-mudo-150x150.png 150w, https:\/\/vallracingteam.eii.uva.es\/wp-content\/uploads\/2026\/02\/mapa-provincia-valladolid-mudo-768x768.png 768w, https:\/\/vallracingteam.eii.uva.es\/wp-content\/uploads\/2026\/02\/mapa-provincia-valladolid-mudo-1536x1536.png 1536w, https:\/\/vallracingteam.eii.uva.es\/wp-content\/uploads\/2026\/02\/mapa-provincia-valladolid-mudo-2048x2048.png 2048w, https:\/\/vallracingteam.eii.uva.es\/wp-content\/uploads\/2026\/02\/mapa-provincia-valladolid-mudo-12x12.png 12w, https:\/\/vallracingteam.eii.uva.es\/wp-content\/uploads\/2026\/02\/mapa-provincia-valladolid-mudo-600x600.png 600w, https:\/\/vallracingteam.eii.uva.es\/wp-content\/uploads\/2026\/02\/mapa-provincia-valladolid-mudo-100x100.png 100w\" sizes=\"(max-width: 1024px) 100vw, 1024px\" \/><\/noscript><\/figure>\n<\/div>\n\n\n\n<div style=\"height:38px\" aria-hidden=\"true\" class=\"wp-block-spacer\"><\/div>\n\n\n\n<ul class=\"wp-block-social-links aligncenter is-layout-flex wp-block-social-links-is-layout-flex\"><li class=\"wp-social-link wp-social-link-linkedin  wp-block-social-link\"><a href=\"https:\/\/www.linkedin.com\/in\/vall-racing-team-9a5b31320\/\" class=\"wp-block-social-link-anchor\"><svg width=\"24\" height=\"24\" viewbox=\"0 0 24 24\" version=\"1.1\" xmlns=\"http:\/\/www.w3.org\/2000\/svg\" aria-hidden=\"true\" focusable=\"false\"><path d=\"M19.7,3H4.3C3.582,3,3,3.582,3,4.3v15.4C3,20.418,3.582,21,4.3,21h15.4c0.718,0,1.3-0.582,1.3-1.3V4.3 C21,3.582,20.418,3,19.7,3z M8.339,18.338H5.667v-8.59h2.672V18.338z M7.004,8.574c-0.857,0-1.549-0.694-1.549-1.548 c0-0.855,0.691-1.548,1.549-1.548c0.854,0,1.547,0.694,1.547,1.548C8.551,7.881,7.858,8.574,7.004,8.574z M18.339,18.338h-2.669 v-4.177c0-0.996-0.017-2.278-1.387-2.278c-1.389,0-1.601,1.086-1.601,2.206v4.249h-2.667v-8.59h2.559v1.174h0.037 c0.356-0.675,1.227-1.387,2.526-1.387c2.703,0,3.203,1.779,3.203,4.092V18.338z\"><\/path><\/svg><span class=\"wp-block-social-link-label screen-reader-text\">LinkedIn<\/span><\/a><\/li>\n\n<li class=\"wp-social-link wp-social-link-tiktok  wp-block-social-link\"><a href=\"https:\/\/www.tiktok.com\/@vallracingteam\" class=\"wp-block-social-link-anchor\"><svg width=\"24\" height=\"24\" viewbox=\"0 0 32 32\" version=\"1.1\" xmlns=\"http:\/\/www.w3.org\/2000\/svg\" aria-hidden=\"true\" focusable=\"false\"><path d=\"M16.708 0.027c1.745-0.027 3.48-0.011 5.213-0.027 0.105 2.041 0.839 4.12 2.333 5.563 1.491 1.479 3.6 2.156 5.652 2.385v5.369c-1.923-0.063-3.855-0.463-5.6-1.291-0.76-0.344-1.468-0.787-2.161-1.24-0.009 3.896 0.016 7.787-0.025 11.667-0.104 1.864-0.719 3.719-1.803 5.255-1.744 2.557-4.771 4.224-7.88 4.276-1.907 0.109-3.812-0.411-5.437-1.369-2.693-1.588-4.588-4.495-4.864-7.615-0.032-0.667-0.043-1.333-0.016-1.984 0.24-2.537 1.495-4.964 3.443-6.615 2.208-1.923 5.301-2.839 8.197-2.297 0.027 1.975-0.052 3.948-0.052 5.923-1.323-0.428-2.869-0.308-4.025 0.495-0.844 0.547-1.485 1.385-1.819 2.333-0.276 0.676-0.197 1.427-0.181 2.145 0.317 2.188 2.421 4.027 4.667 3.828 1.489-0.016 2.916-0.88 3.692-2.145 0.251-0.443 0.532-0.896 0.547-1.417 0.131-2.385 0.079-4.76 0.095-7.145 0.011-5.375-0.016-10.735 0.025-16.093z\" \/><\/svg><span class=\"wp-block-social-link-label screen-reader-text\">TikTok<\/span><\/a><\/li>\n\n<li class=\"wp-social-link wp-social-link-instagram  wp-block-social-link\"><a href=\"https:\/\/www.instagram.com\/vallracingteam\/\" class=\"wp-block-social-link-anchor\"><svg width=\"24\" height=\"24\" viewbox=\"0 0 24 24\" version=\"1.1\" xmlns=\"http:\/\/www.w3.org\/2000\/svg\" aria-hidden=\"true\" focusable=\"false\"><path d=\"M12,4.622c2.403,0,2.688,0.009,3.637,0.052c0.877,0.04,1.354,0.187,1.671,0.31c0.42,0.163,0.72,0.358,1.035,0.673 c0.315,0.315,0.51,0.615,0.673,1.035c0.123,0.317,0.27,0.794,0.31,1.671c0.043,0.949,0.052,1.234,0.052,3.637 s-0.009,2.688-0.052,3.637c-0.04,0.877-0.187,1.354-0.31,1.671c-0.163,0.42-0.358,0.72-0.673,1.035 c-0.315,0.315-0.615,0.51-1.035,0.673c-0.317,0.123-0.794,0.27-1.671,0.31c-0.949,0.043-1.233,0.052-3.637,0.052 s-2.688-0.009-3.637-0.052c-0.877-0.04-1.354-0.187-1.671-0.31c-0.42-0.163-0.72-0.358-1.035-0.673 c-0.315-0.315-0.51-0.615-0.673-1.035c-0.123-0.317-0.27-0.794-0.31-1.671C4.631,14.688,4.622,14.403,4.622,12 s0.009-2.688,0.052-3.637c0.04-0.877,0.187-1.354,0.31-1.671c0.163-0.42,0.358-0.72,0.673-1.035 c0.315-0.315,0.615-0.51,1.035-0.673c0.317-0.123,0.794-0.27,1.671-0.31C9.312,4.631,9.597,4.622,12,4.622 M12,3 C9.556,3,9.249,3.01,8.289,3.054C7.331,3.098,6.677,3.25,6.105,3.472C5.513,3.702,5.011,4.01,4.511,4.511 c-0.5,0.5-0.808,1.002-1.038,1.594C3.25,6.677,3.098,7.331,3.054,8.289C3.01,9.249,3,9.556,3,12c0,2.444,0.01,2.751,0.054,3.711 c0.044,0.958,0.196,1.612,0.418,2.185c0.23,0.592,0.538,1.094,1.038,1.594c0.5,0.5,1.002,0.808,1.594,1.038 c0.572,0.222,1.227,0.375,2.185,0.418C9.249,20.99,9.556,21,12,21s2.751-0.01,3.711-0.054c0.958-0.044,1.612-0.196,2.185-0.418 c0.592-0.23,1.094-0.538,1.594-1.038c0.5-0.5,0.808-1.002,1.038-1.594c0.222-0.572,0.375-1.227,0.418-2.185 C20.99,14.751,21,14.444,21,12s-0.01-2.751-0.054-3.711c-0.044-0.958-0.196-1.612-0.418-2.185c-0.23-0.592-0.538-1.094-1.038-1.594 c-0.5-0.5-1.002-0.808-1.594-1.038c-0.572-0.222-1.227-0.375-2.185-0.418C14.751,3.01,14.444,3,12,3L12,3z M12,7.378 c-2.552,0-4.622,2.069-4.622,4.622S9.448,16.622,12,16.622s4.622-2.069,4.622-4.622S14.552,7.378,12,7.378z M12,15 c-1.657,0-3-1.343-3-3s1.343-3,3-3s3,1.343,3,3S13.657,15,12,15z M16.804,6.116c-0.596,0-1.08,0.484-1.08,1.08 s0.484,1.08,1.08,1.08c0.596,0,1.08-0.484,1.08-1.08S17.401,6.116,16.804,6.116z\"><\/path><\/svg><span class=\"wp-block-social-link-label screen-reader-text\">Instagram<\/span><\/a><\/li><\/ul>","protected":false},"excerpt":{"rendered":"<p>\u00bfQuienes somos? Somos un equipo universitario que desarrolla y compite con un monoplaza dise\u00f1ado \u00edntegramente por sus propios miembros en un entorno profesional de m\u00e1xima exigencia.Nuestro esp\u00edritu como equipo se basa en la resiliencia ante cada desaf\u00edo y el compromiso con cumplir nuestros objetivos. El trabajo en equipo es uno de nuestros valores fundamentales, a&hellip;&nbsp;<a href=\"https:\/\/vallracingteam.eii.uva.es\/en\/\" rel=\"bookmark\">Read More &raquo;<span class=\"screen-reader-text\">HOME<\/span><\/a><\/p>","protected":false},"author":1,"featured_media":0,"parent":0,"menu_order":0,"comment_status":"closed","ping_status":"closed","template":"","meta":{"content-type":"","_monsterinsights_skip_tracking":false,"_monsterinsights_sitenote_active":false,"_monsterinsights_sitenote_note":"","_monsterinsights_sitenote_category":0,"neve_meta_sidebar":"","neve_meta_container":"","neve_meta_enable_content_width":"","neve_meta_content_width":0,"neve_meta_title_alignment":"","neve_meta_author_avatar":"","neve_post_elements_order":"","neve_meta_disable_header":"","neve_meta_disable_footer":"","neve_meta_disable_title":"","_themeisle_gutenberg_block_has_review":false,"footnotes":""},"class_list":["post-1662","page","type-page","status-publish","hentry"],"aioseo_notices":[],"_links":{"self":[{"href":"https:\/\/vallracingteam.eii.uva.es\/en\/wp-json\/wp\/v2\/pages\/1662","targetHints":{"allow":["GET"]}}],"collection":[{"href":"https:\/\/vallracingteam.eii.uva.es\/en\/wp-json\/wp\/v2\/pages"}],"about":[{"href":"https:\/\/vallracingteam.eii.uva.es\/en\/wp-json\/wp\/v2\/types\/page"}],"author":[{"embeddable":true,"href":"https:\/\/vallracingteam.eii.uva.es\/en\/wp-json\/wp\/v2\/users\/1"}],"replies":[{"embeddable":true,"href":"https:\/\/vallracingteam.eii.uva.es\/en\/wp-json\/wp\/v2\/comments?post=1662"}],"version-history":[{"count":13,"href":"https:\/\/vallracingteam.eii.uva.es\/en\/wp-json\/wp\/v2\/pages\/1662\/revisions"}],"predecessor-version":[{"id":1730,"href":"https:\/\/vallracingteam.eii.uva.es\/en\/wp-json\/wp\/v2\/pages\/1662\/revisions\/1730"}],"wp:attachment":[{"href":"https:\/\/vallracingteam.eii.uva.es\/en\/wp-json\/wp\/v2\/media?parent=1662"}],"curies":[{"name":"wp","href":"https:\/\/api.w.org\/{rel}","templated":true}]}}